{"id":2145,"date":"2025-05-02T10:10:45","date_gmt":"2025-05-02T10:10:45","guid":{"rendered":"https:\/\/dr-daser.de\/wp\/?page_id=2145"},"modified":"2025-05-02T10:10:45","modified_gmt":"2025-05-02T10:10:45","slug":"dr-med-dent-benjamin-kurfuerst","status":"publish","type":"page","link":"https:\/\/dr-daser.de\/wp\/dr-med-dent-benjamin-kurfuerst\/","title":{"rendered":"Dr. med. dent. Benjamin Kurf\u00fcrst"},"content":{"rendered":"\n<figure class=\"wp-block-image size-large is-resized\"><img loading=\"lazy\" decoding=\"async\" width=\"700\" height=\"467\" src=\"https:\/\/dr-daser.de\/wp\/wp-content\/uploads\/2025\/05\/DSC_3262-700x467.jpg\" alt=\"\" class=\"wp-image-2171\" style=\"object-fit:cover;width:525px;height:375px\" srcset=\"https:\/\/dr-daser.de\/wp\/wp-content\/uploads\/2025\/05\/DSC_3262-700x467.jpg 700w, https:\/\/dr-daser.de\/wp\/wp-content\/uploads\/2025\/05\/DSC_3262-300x200.jpg 300w, https:\/\/dr-daser.de\/wp\/wp-content\/uploads\/2025\/05\/DSC_3262-1536x1024.jpg 1536w, https:\/\/dr-daser.de\/wp\/wp-content\/uploads\/2025\/05\/DSC_3262-2048x1365.jpg 2048w, https:\/\/dr-daser.de\/wp\/wp-content\/uploads\/2025\/05\/DSC_3262-750x500.jpg 750w\" sizes=\"auto, (max-width: 700px) 100vw, 700px\" \/><\/figure>\n\n\n\n<div style=\"height:16px\" aria-hidden=\"true\" class=\"wp-block-spacer\"><\/div>\n\n\n\n<p class=\"has-medium-font-size\"><strong>Lebenslauf<\/strong><\/p>\n\n\n\n<figure class=\"wp-block-table is-style-stripes\"><table><tbody><tr><td>2009 &#8211; 2015 <\/td><td>Studium der Zahnmedizin an der Ludwig-Maximilians-Universit\u00e4t M\u00fcnchen<\/td><\/tr><tr><td>2010 <\/td><td>Promotion zum Erlangen des Doktorgrades im Institut f\u00fcr Anatomie und Zellbiologie, LMU M\u00fcnchen unter Prof. Dr. Michael Schleicher<\/td><\/tr><tr><td>2014<\/td><td>Famulatur in Kenia f\u00fcr &#8222;Zahn\u00e4rzte ohne Grenzen&#8220;<\/td><\/tr><tr><td>2015<\/td><td>Staatsexamen der Zahnmedizin<\/td><\/tr><tr><td>2015 &#8211; 2016<\/td><td>Vorbereitungsassistenz<\/td><\/tr><tr><td>2016 &#8211; 2019<\/td><td>Weiterbildungsassistent zum Fachzahnarzt f\u00fcr Oralchirurgie, MKG-MUC Praxis Prof. Dr. Dr. Nolte\/ Dr. Dr. Linsenmann<\/td><\/tr><tr><td>2019<\/td><td>Ernennung zum Fachzahnarzt Oralchirurgie<\/td><\/tr><tr><td>2019 &#8211; 2022<\/td><td>Fachzahnarzt f\u00fcr Oralchirurgie, MKG-MUC Praxis Prof. Dr. Dr. Nolte\/ Dr. Dr. Linsenmann<\/td><\/tr><tr><td>2022 &#8211; 2024<\/td><td>Fachzahnarzt f\u00fcr Oralchirurgie in \u00dcberweiserpraxen und chirurgischen Schwerpunktpraxen in M\u00fcnchen<\/td><\/tr><tr><td>3\/2025<\/td><td>Fachzahnarzt f\u00fcr Oralchirurgie, Zahn\u00e4rzte am Promenadenweg, Mainburg<\/td><\/tr><\/tbody><\/table><\/figure>\n\n\n\n<p class=\"has-medium-font-size\"><strong>Mitgliedschaften<\/strong><\/p>\n\n\n\n<figure class=\"wp-block-table is-style-stripes\"><table class=\"has-fixed-layout\"><tbody><tr><td>Gr\u00fcndungsmitglied Oralchirurgie-Netzwerk: Verbund von Fachzahn\u00e4rzten e.V.<\/td><\/tr><\/tbody><\/table><\/figure>\n\n\n\n<p><\/p>\n","protected":false},"excerpt":{"rendered":"<p>Lebenslauf 2009 &#8211; 2015 Studium der Zahnmedizin an der Ludwig-Maximilians-Universit\u00e4t M\u00fcnchen 2010 Promotion zum Erlangen des Doktorgrades im Institut f\u00fcr Anatomie und Zellbiologie, LMU M\u00fcnchen unter Prof. Dr. Michael Schleicher 2014 Famulatur in Kenia f\u00fcr &#8222;Zahn\u00e4rzte ohne Grenzen&#8220; 2015 Staatsexamen der Zahnmedizin 2015 &#8211; 2016 Vorbereitungsassistenz 2016 &#8211; 2019 Weiterbildungsassistent zum Fachzahnarzt f\u00fcr Oralchirurgie, MKG-MUC&hellip;<a href=\"https:\/\/dr-daser.de\/wp\/dr-med-dent-benjamin-kurfuerst\/\" class=\"more-link\">Continue reading <span class=\"screen-reader-text\">Dr. med. dent. Benjamin Kurf\u00fcrst<\/span><\/a><\/p>\n","protected":false},"author":3,"featured_media":0,"parent":0,"menu_order":0,"comment_status":"closed","ping_status":"closed","template":"","meta":{"jetpack_post_was_ever_published":false,"footnotes":""},"class_list":["post-2145","page","type-page","status-publish","hentry"],"jetpack_shortlink":"https:\/\/wp.me\/P3Lrs4-yB","jetpack_sharing_enabled":true,"_links":{"self":[{"href":"https:\/\/dr-daser.de\/wp\/wp-json\/wp\/v2\/pages\/2145","targetHints":{"allow":["GET"]}}],"collection":[{"href":"https:\/\/dr-daser.de\/wp\/wp-json\/wp\/v2\/pages"}],"about":[{"href":"https:\/\/dr-daser.de\/wp\/wp-json\/wp\/v2\/types\/page"}],"author":[{"embeddable":true,"href":"https:\/\/dr-daser.de\/wp\/wp-json\/wp\/v2\/users\/3"}],"replies":[{"embeddable":true,"href":"https:\/\/dr-daser.de\/wp\/wp-json\/wp\/v2\/comments?post=2145"}],"version-history":[{"count":6,"href":"https:\/\/dr-daser.de\/wp\/wp-json\/wp\/v2\/pages\/2145\/revisions"}],"predecessor-version":[{"id":2194,"href":"https:\/\/dr-daser.de\/wp\/wp-json\/wp\/v2\/pages\/2145\/revisions\/2194"}],"wp:attachment":[{"href":"https:\/\/dr-daser.de\/wp\/wp-json\/wp\/v2\/media?parent=2145"}],"curies":[{"name":"wp","href":"https:\/\/api.w.org\/{rel}","templated":true}]}}